{"id":136,"date":"2024-12-03T13:17:29","date_gmt":"2024-12-03T13:17:29","guid":{"rendered":"https:\/\/www.jadeshopsingapore.com\/?page_id=136"},"modified":"2024-12-30T19:22:14","modified_gmt":"2024-12-30T19:22:14","slug":"jade-shop-singapore-about-us","status":"publish","type":"page","link":"https:\/\/www.jadeshopsingapore.com\/vi\/cua-hang-ngoc-bich-singapore-ve-chung-toi\/","title":{"rendered":"Jade Shop Singapore \u2013 Gi\u1edbi thi\u1ec7u v\u1ec1 ch\u00fang t\u00f4i"},"content":{"rendered":"<div class=\"wp-block-group alignfull has-global-padding is-layout-constrained wp-container-core-group-is-layout-0c9c989a wp-block-group-is-layout-constrained\" style=\"min-height:0vh;margin-top:0;margin-bottom:0;padding-top:var(--wp--preset--spacing--70);padding-right:var(--wp--preset--spacing--40);padding-bottom:var(--wp--preset--spacing--70);padding-left:var(--wp--preset--spacing--40)\">\n<div class=\"wp-block-group has-global-padding is-layout-constrained wp-container-core-group-is-layout-346627ba wp-block-group-is-layout-constrained\">\n<h2 class=\"wp-block-heading has-text-align-center has-large-font-size\" style=\"margin-right:0;margin-left:0;padding-right:0;padding-left:0\"><strong>Yi Pin Qian Jade Shop Singapore \u2013 v\u1ec1 ch\u00fang t\u00f4i<\/strong><\/h2>\n\n\n\n<p class=\"has-text-align-center\">Yi Pin Qian l\u00e0 m\u1ed9t C\u1eeda h\u00e0ng Ng\u1ecdc b\u00edch Tr\u1ef1c tuy\u1ebfn Singapore n\u1ed5i ti\u1ebfng, chuy\u00ean v\u1ec1 ng\u1ecdc b\u00edch ch\u1ea5t l\u01b0\u1ee3ng cao \u0111\u1ebfn cao c\u1ea5p. \u0110\u01b0\u1ee3c th\u00e0nh l\u1eadp v\u00e0o ng\u00e0y 3 th\u00e1ng 1 n\u0103m 2016, c\u00f4ng ty \u0111\u00e3 ph\u00e1t tri\u1ec3n t\u1eeb vi\u1ec7c cung c\u1ea5p nhi\u1ec1u lo\u1ea1i s\u1ea3n ph\u1ea9m \u0111a d\u1ea1ng th\u00e0nh m\u1ed9t c\u00e1i t\u00ean \u0111\u00e1ng tin c\u1eady trong ng\u00e0nh ng\u1ecdc b\u00edch. L\u00e0 m\u1ed9t \u0111\u1ea1i l\u00fd \u0111\u00e1 qu\u00fd v\u00e0 kim lo\u1ea1i qu\u00fd \u0111\u01b0\u1ee3c c\u1ea5p ph\u00e9p theo quy \u0111\u1ecbnh (PS20190000031), Yi Pin Qian \u01b0u ti\u00ean t\u00ednh x\u00e1c th\u1ef1c v\u00e0 ch\u1ea5t l\u01b0\u1ee3ng, ch\u1ec9 kinh doanh \u0110\u1ed3 trang s\u1ee9c Ng\u1ecdc b\u00edch lo\u1ea1i A t\u1ef1 nhi\u00ean.<\/p>\n\n\n\n<p>S\u1ee9 m\u1ec7nh c\u1ee7a ch\u00fang t\u00f4i l\u00e0 cung c\u1ea5p cho kh\u00e1ch h\u00e0ng nh\u1eefng t\u00e1c ph\u1ea9m ng\u1ecdc b\u00edch tinh x\u1ea3o ph\u1ea3n \u00e1nh c\u1ea3 v\u1ebb \u0111\u1eb9p v\u00e0 \u00fd ngh\u0129a v\u0103n h\u00f3a. Ch\u00fang t\u00f4i coi tr\u1ecdng s\u1ef1 ch\u00ednh tr\u1ef1c, s\u1ef1 h\u00e0i l\u00f2ng c\u1ee7a kh\u00e1ch h\u00e0ng v\u00e0 tay ngh\u1ec1 th\u1ee7 c\u00f4ng, \u0111\u1ea3m b\u1ea3o r\u1eb1ng m\u1ecdi m\u1eb7t h\u00e0ng \u0111\u1ec1u \u0111\u01b0\u1ee3c cung c\u1ea5p c\u1ea9n th\u1eadn v\u00e0 giao h\u00e0ng ch\u00ednh x\u00e1c. Cam k\u1ebft v\u1ec1 s\u1ef1 xu\u1ea5t s\u1eafc c\u1ee7a ch\u00fang t\u00f4i th\u1ec3 hi\u1ec7n r\u00f5 trong c\u00e1c ho\u1ea1t \u0111\u1ed9ng v\u1eadn chuy\u1ec3n an to\u00e0n c\u1ee7a ch\u00fang t\u00f4i, v\u1edbi t\u1ea5t c\u1ea3 c\u00e1c s\u1ea3n ph\u1ea9m \u0111\u01b0\u1ee3c \u0111\u00f3ng g\u00f3i v\u1edbi s\u1ef1 b\u1ea3o v\u1ec7 ch\u1eb7t ch\u1ebd \u0111\u1ec3 \u0111\u1ea3m b\u1ea3o giao h\u00e0ng an to\u00e0n.<\/p>\n\n\n\n<p>N\u1ed5i ti\u1ebfng v\u1edbi d\u1ecbch v\u1ee5 \u0111\u1eb7c bi\u1ec7t c\u1ee7a m\u00ecnh, Yi Pin Qian \u0111\u00e3 x\u00e2y d\u1ef1ng \u0111\u01b0\u1ee3c danh ti\u1ebfng v\u1eefng ch\u1eafc tr\u00ean th\u1ecb tr\u01b0\u1eddng, \u0111\u01b0a ch\u00fang t\u00f4i tr\u1edf th\u00e0nh c\u1eeda h\u00e0ng ng\u1ecdc b\u00edch h\u00e0ng \u0111\u1ea7u t\u1ea1i Singapore. Ch\u00fang t\u00f4i m\u1eddi b\u1ea1n kh\u00e1m ph\u00e1 c\u00e1c d\u1ecbch v\u1ee5 c\u1ee7a ch\u00fang t\u00f4i th\u00f4ng qua nhi\u1ec1u n\u1ec1n t\u1ea3ng tr\u1ef1c tuy\u1ebfn kh\u00e1c nhau: https:\/\/yipinqian.com \u0111\u1ec3 bi\u1ebft th\u00f4ng tin ch\u00ednh c\u1ee7a ch\u00fang t\u00f4i, https:\/\/www.yipinqian.com.sg \u0111\u1ec3 bi\u1ebft c\u1eeda h\u00e0ng tr\u1ef1c tuy\u1ebfn c\u1ee7a ch\u00fang t\u00f4i, https:\/\/jadeite.yipinqian.com \u0111\u1ec3 bi\u1ebft c\u00e1c ngu\u1ed3n th\u00f4ng tin v\u00e0 https:\/\/shop.yipinqian.com\/ \u0111\u1ec3 bi\u1ebft th\u00eam c\u00e1c t\u00f9y ch\u1ecdn mua s\u1eafm. \u0110\u1ed1i v\u1edbi d\u1ecbch v\u1ee5 \u0111\u01b0\u1ee3c c\u00e1 nh\u00e2n h\u00f3a, ch\u00fang t\u00f4i c\u0169ng cung c\u1ea5p m\u1ed9t \u0111i\u1ec3m d\u1ecbch v\u1ee5 \u0111\u1eb7t l\u1ecbch h\u1eb9n t\u1ea1i Simei \u1edf ph\u00eda \u0111\u00f4ng Singapore.<\/p>\n\n\n\n<p class=\"has-text-align-center\">\u0110\u1ec3 bi\u1ebft th\u00eam th\u00f4ng tin, h\u00e3y li\u00ean h\u1ec7 v\u1edbi ch\u00fang t\u00f4i qua email admin@yipinqian.com ho\u1eb7c qua WhatsApp theo s\u1ed1 +6590991784. Kh\u00e1m ph\u00e1 s\u1ef1 thanh l\u1ecbch c\u1ee7a ng\u1ecdc b\u00edch c\u00f9ng Yi Pin Qian, n\u01a1i truy\u1ec1n th\u1ed1ng h\u00f2a quy\u1ec7n v\u1edbi ch\u1ea5t l\u01b0\u1ee3ng trong t\u1eebng t\u00e1c ph\u1ea9m.<\/p>\n\n\n\n<div class=\"wp-block-buttons is-content-justification-center is-layout-flex wp-container-core-buttons-is-layout-a89b3969 wp-block-buttons-is-layout-flex\">\n<div class=\"wp-block-button\"><a class=\"wp-block-button__link wp-element-button\" href=\"https:\/\/www.yipinqian.com\/\" target=\"_blank\" rel=\"noreferrer noopener\">T\u00ecm hi\u1ec3u th\u00eam<\/a><\/div>\n<\/div>\n<\/div>\n<\/div>\n\n\n\n<div class=\"wp-block-group alignfull is-style-section-1 has-global-padding is-layout-constrained wp-block-group-is-layout-constrained is-style-section-1--2\" style=\"margin-top:0;margin-bottom:0;padding-top:var(--wp--preset--spacing--80);padding-bottom:var(--wp--preset--spacing--80)\">\n<div class=\"wp-block-columns alignwide is-layout-flex wp-container-core-columns-is-layout-66fad18a wp-block-columns-is-layout-flex\">\n<div class=\"wp-block-column is-layout-flow wp-block-column-is-layout-flow\" style=\"padding-right:var(--wp--preset--spacing--50);flex-basis:45%\">\n<figure class=\"wp-block-image size-full\"><img loading=\"lazy\" decoding=\"async\" width=\"1080\" height=\"1080\" src=\"https:\/\/www.jadeshopsingapore.com\/wp-content\/uploads\/2024\/12\/WhatsApp-Image-2024-05-20-at-22.05.36_f24e93b9.jpg\" alt=\"\" class=\"wp-image-139\" srcset=\"https:\/\/www.jadeshopsingapore.com\/wp-content\/uploads\/2024\/12\/WhatsApp-Image-2024-05-20-at-22.05.36_f24e93b9.jpg 1080w, https:\/\/www.jadeshopsingapore.com\/wp-content\/uploads\/2024\/12\/WhatsApp-Image-2024-05-20-at-22.05.36_f24e93b9-300x300.jpg 300w, https:\/\/www.jadeshopsingapore.com\/wp-content\/uploads\/2024\/12\/WhatsApp-Image-2024-05-20-at-22.05.36_f24e93b9-1024x1024.jpg 1024w, https:\/\/www.jadeshopsingapore.com\/wp-content\/uploads\/2024\/12\/WhatsApp-Image-2024-05-20-at-22.05.36_f24e93b9-150x150.jpg 150w, https:\/\/www.jadeshopsingapore.com\/wp-content\/uploads\/2024\/12\/WhatsApp-Image-2024-05-20-at-22.05.36_f24e93b9-768x768.jpg 768w\" sizes=\"auto, (max-width: 1080px) 100vw, 1080px\" title=\"\"><\/figure>\n\n\n\n<div class=\"wp-block-group has-global-padding is-layout-constrained wp-block-group-is-layout-constrained\" style=\"margin-top:-12vw\">\n<figure class=\"wp-block-image alignright size-full is-resized\" style=\"margin-right:-5vw;margin-left:-5vw\"><img loading=\"lazy\" decoding=\"async\" width=\"1080\" height=\"1080\" src=\"https:\/\/www.jadeshopsingapore.com\/wp-content\/uploads\/2024\/12\/WhatsApp-Image-2024-05-20-at-22.05.39_8d080b7e.jpg\" alt=\"\" class=\"wp-image-140\" style=\"width:202px\" srcset=\"https:\/\/www.jadeshopsingapore.com\/wp-content\/uploads\/2024\/12\/WhatsApp-Image-2024-05-20-at-22.05.39_8d080b7e.jpg 1080w, https:\/\/www.jadeshopsingapore.com\/wp-content\/uploads\/2024\/12\/WhatsApp-Image-2024-05-20-at-22.05.39_8d080b7e-300x300.jpg 300w, https:\/\/www.jadeshopsingapore.com\/wp-content\/uploads\/2024\/12\/WhatsApp-Image-2024-05-20-at-22.05.39_8d080b7e-1024x1024.jpg 1024w, https:\/\/www.jadeshopsingapore.com\/wp-content\/uploads\/2024\/12\/WhatsApp-Image-2024-05-20-at-22.05.39_8d080b7e-150x150.jpg 150w, https:\/\/www.jadeshopsingapore.com\/wp-content\/uploads\/2024\/12\/WhatsApp-Image-2024-05-20-at-22.05.39_8d080b7e-768x768.jpg 768w\" sizes=\"auto, (max-width: 1080px) 100vw, 1080px\" title=\"\"><\/figure>\n<\/div>\n<\/div>\n\n\n\n<div class=\"wp-block-column is-vertically-aligned-center is-layout-flow wp-block-column-is-layout-flow\" style=\"padding-right:0;padding-left:0;flex-basis:50%\">\n<div class=\"wp-block-group is-vertical is-layout-flex wp-container-core-group-is-layout-fe9cc265 wp-block-group-is-layout-flex\">\n<h3 class=\"wp-block-heading is-style-text-annotation is-style-text-annotation--3\"><a href=\"https:\/\/www.jadeshopsingapore.com\/vi\/bo-suu-tap-nhan-ngoc-bich\/\">Th\u01b0 vi\u1ec7n tr\u1ef1c tuy\u1ebfn \u2013 Nh\u1eabn ng\u1ecdc b\u00edch<\/a><\/h3>\n<\/div>\n\n\n\n<p class=\"is-style-text-subtitle is-style-text-subtitle--4\">V\u1ec1 ch\u00fang t\u00f4i \u2013 Ch\u00fang t\u00f4i c\u00f3 m\u1eb7t tr\u1ef1c tuy\u1ebfn tr\u00ean nhi\u1ec1u n\u1ec1n t\u1ea3ng truy\u1ec1n th\u00f4ng x\u00e3 h\u1ed9i, bao g\u1ed3m TikTok, n\u01a1i ch\u00fang t\u00f4i c\u00f3 m\u1ed9t c\u1eeda h\u00e0ng TikTok chuy\u00ean d\u1ee5ng. Ngo\u00e0i ra, ch\u00fang t\u00f4i c\u00f2n ho\u1ea1t \u0111\u1ed9ng tr\u00ean Lemon, Tweeter, Lazada Online Shop v\u00e0 Shopee Shop. S\u1ef1 hi\u1ec7n di\u1ec7n tr\u1ef1c tuy\u1ebfn c\u1ee7a ch\u00fang t\u00f4i c\u0169ng m\u1edf r\u1ed9ng \u0111\u1ebfn m\u1ed9t s\u1ed1 Jade Shop tr\u1ef1c tuy\u1ebfn t\u1ea1i Singapore.<\/p>\n<\/div>\n<\/div>\n<\/div>\n\n\n\n<div class=\"wp-block-group alignfull has-global-padding is-layout-constrained wp-container-core-group-is-layout-ebee8dc1 wp-block-group-is-layout-constrained\" style=\"margin-top:0;margin-bottom:0;padding-top:var(--wp--preset--spacing--50);padding-bottom:var(--wp--preset--spacing--50)\">\n<h2 class=\"wp-block-heading alignwide\">D\u1ecbch v\u1ee5 c\u1ee7a ch\u00fang t\u00f4i<\/h2>\n\n\n\n<div class=\"wp-block-columns alignwide is-layout-flex wp-container-core-columns-is-layout-28f84493 wp-block-columns-is-layout-flex\">\n<div class=\"wp-block-column is-layout-flow wp-block-column-is-layout-flow\">\n<figure class=\"wp-block-image size-full\" style=\"margin-bottom:24px\"><img loading=\"lazy\" decoding=\"async\" width=\"1080\" height=\"1080\" src=\"https:\/\/www.jadeshopsingapore.com\/wp-content\/uploads\/2024\/12\/WhatsApp-Image-2024-07-17-at-22.07.59_89ef22da.jpg\" alt=\"\" class=\"wp-image-141\" style=\"aspect-ratio:4\/3;object-fit:cover\" srcset=\"https:\/\/www.jadeshopsingapore.com\/wp-content\/uploads\/2024\/12\/WhatsApp-Image-2024-07-17-at-22.07.59_89ef22da.jpg 1080w, https:\/\/www.jadeshopsingapore.com\/wp-content\/uploads\/2024\/12\/WhatsApp-Image-2024-07-17-at-22.07.59_89ef22da-300x300.jpg 300w, https:\/\/www.jadeshopsingapore.com\/wp-content\/uploads\/2024\/12\/WhatsApp-Image-2024-07-17-at-22.07.59_89ef22da-1024x1024.jpg 1024w, https:\/\/www.jadeshopsingapore.com\/wp-content\/uploads\/2024\/12\/WhatsApp-Image-2024-07-17-at-22.07.59_89ef22da-150x150.jpg 150w, https:\/\/www.jadeshopsingapore.com\/wp-content\/uploads\/2024\/12\/WhatsApp-Image-2024-07-17-at-22.07.59_89ef22da-768x768.jpg 768w\" sizes=\"auto, (max-width: 1080px) 100vw, 1080px\" title=\"\"><\/figure>\n\n\n\n<h3 class=\"wp-block-heading\">B\u1ed9 s\u01b0u t\u1eadp<\/h3>\n\n\n\n<p class=\"has-medium-font-size\">Ch\u00fang t\u00f4i cung c\u1ea5p nhi\u1ec1u lo\u1ea1i s\u1ea3n ph\u1ea9m ng\u1ecdc b\u00edch, bao g\u1ed3m m\u1eb7t d\u00e2y chuy\u1ec1n, v\u00f2ng tay, v\u00f2ng c\u1ed5, hoa tai, c\u0169ng nh\u01b0 nh\u1eabn ng\u1ecdc b\u00edch v\u00e0 nh\u1eabn ng\u1ecdc b\u00edch \u0111\u01b0\u1ee3c \u0111\u00ednh v\u00e0ng 18k v\u00e0 S925.<\/p>\n<\/div>\n\n\n\n<div class=\"wp-block-column is-layout-flow wp-block-column-is-layout-flow\">\n<figure class=\"wp-block-image size-full\" style=\"margin-bottom:24px\"><img loading=\"lazy\" decoding=\"async\" width=\"1080\" height=\"1080\" src=\"https:\/\/www.jadeshopsingapore.com\/wp-content\/uploads\/2024\/12\/WhatsApp-Image-2024-07-14-at-00.24.48_4412d079.jpg\" alt=\"\" class=\"wp-image-142\" style=\"aspect-ratio:4\/3;object-fit:cover\" srcset=\"https:\/\/www.jadeshopsingapore.com\/wp-content\/uploads\/2024\/12\/WhatsApp-Image-2024-07-14-at-00.24.48_4412d079.jpg 1080w, https:\/\/www.jadeshopsingapore.com\/wp-content\/uploads\/2024\/12\/WhatsApp-Image-2024-07-14-at-00.24.48_4412d079-300x300.jpg 300w, https:\/\/www.jadeshopsingapore.com\/wp-content\/uploads\/2024\/12\/WhatsApp-Image-2024-07-14-at-00.24.48_4412d079-1024x1024.jpg 1024w, https:\/\/www.jadeshopsingapore.com\/wp-content\/uploads\/2024\/12\/WhatsApp-Image-2024-07-14-at-00.24.48_4412d079-150x150.jpg 150w, https:\/\/www.jadeshopsingapore.com\/wp-content\/uploads\/2024\/12\/WhatsApp-Image-2024-07-14-at-00.24.48_4412d079-768x768.jpg 768w\" sizes=\"auto, (max-width: 1080px) 100vw, 1080px\" title=\"\"><\/figure>\n\n\n\n<h3 class=\"wp-block-heading\">L\u1eafp r\u00e1p<\/h3>\n\n\n\n<p class=\"has-medium-font-size\">Ch\u00fang t\u00f4i coi tr\u1ecdng m\u1ecdi giao d\u1ecbch b\u00e1n h\u00e0ng v\u00e0 \u01b0u ti\u00ean b\u1ea3o v\u1ec7 b\u01b0u ki\u1ec7n th\u00f4ng qua bao b\u00ec ch\u1eafc ch\u1eafn. C\u00f4ng ty ch\u00fang t\u00f4i c\u1ea9n th\u1eadn l\u1eafp r\u00e1p, ki\u1ec3m tra v\u00e0 th\u1eed nghi\u1ec7m bao b\u00ec \u0111\u1ec3 \u0111\u1ea3m b\u1ea3o ch\u1ea5t l\u01b0\u1ee3ng.<\/p>\n<\/div>\n\n\n\n<div class=\"wp-block-column is-layout-flow wp-block-column-is-layout-flow\">\n<figure class=\"wp-block-image size-full\" style=\"margin-bottom:24px\"><img loading=\"lazy\" decoding=\"async\" width=\"1080\" height=\"1080\" src=\"https:\/\/www.jadeshopsingapore.com\/wp-content\/uploads\/2024\/12\/WhatsApp-Image-2024-05-20-at-22.06.17_9789806b.jpg\" alt=\"\" class=\"wp-image-143\" style=\"aspect-ratio:4\/3;object-fit:cover\" srcset=\"https:\/\/www.jadeshopsingapore.com\/wp-content\/uploads\/2024\/12\/WhatsApp-Image-2024-05-20-at-22.06.17_9789806b.jpg 1080w, https:\/\/www.jadeshopsingapore.com\/wp-content\/uploads\/2024\/12\/WhatsApp-Image-2024-05-20-at-22.06.17_9789806b-300x300.jpg 300w, https:\/\/www.jadeshopsingapore.com\/wp-content\/uploads\/2024\/12\/WhatsApp-Image-2024-05-20-at-22.06.17_9789806b-1024x1024.jpg 1024w, https:\/\/www.jadeshopsingapore.com\/wp-content\/uploads\/2024\/12\/WhatsApp-Image-2024-05-20-at-22.06.17_9789806b-150x150.jpg 150w, https:\/\/www.jadeshopsingapore.com\/wp-content\/uploads\/2024\/12\/WhatsApp-Image-2024-05-20-at-22.06.17_9789806b-768x768.jpg 768w\" sizes=\"auto, (max-width: 1080px) 100vw, 1080px\" title=\"\"><\/figure>\n\n\n\n<h3 class=\"wp-block-heading\">V\u1eadn chuy\u1ec3n<\/h3>\n\n\n\n<p class=\"has-medium-font-size\">Ch\u00fang t\u00f4i lu\u00f4n theo d\u00f5i c\u1ea9n th\u1eadn m\u1ecdi l\u00f4 h\u00e0ng trong qu\u00e1 tr\u00ecnh v\u1eadn chuy\u1ec3n \u0111\u1ec3 \u0111\u1ea3m b\u1ea3o kh\u00e1ch h\u00e0ng nh\u1eadn \u0111\u01b0\u1ee3c b\u01b0u ki\u1ec7n c\u1ee7a m\u00ecnh. M\u1ed9t l\u1ea7n n\u1eefa, c\u1ea7n ph\u1ea3i nh\u1eafc l\u1ea1i r\u1eb1ng c\u00e1c m\u1eb7t h\u00e0ng c\u1ee7a ch\u00fang t\u00f4i \u0111\u01b0\u1ee3c \u0111\u00f3ng g\u00f3i c\u1ea9n th\u1eadn v\u00e0 b\u1ea3o v\u1ec7 t\u1ed1i \u0111a. Do \u0111\u00f3, kh\u00e1ch h\u00e0ng c\u00f3 th\u1ec3 y\u00ean t\u00e2m khi mua h\u00e0ng t\u1eeb ch\u00fang t\u00f4i, bi\u1ebft r\u1eb1ng nh\u1eefng lo l\u1eafng c\u1ee7a h\u1ecd \u0111\u00e3 \u0111\u01b0\u1ee3c gi\u1ea3i quy\u1ebft.<\/p>\n<\/div>\n<\/div>\n<\/div>\n\n\n\n<div class=\"wp-block-group alignfull has-global-padding is-layout-constrained wp-block-group-is-layout-constrained\" style=\"margin-top:0;margin-bottom:0;padding-top:var(--wp--preset--spacing--60);padding-bottom:var(--wp--preset--spacing--60)\">\n<div class=\"wp-block-columns alignwide is-layout-flex wp-container-core-columns-is-layout-74b2cda3 wp-block-columns-is-layout-flex\">\n<div class=\"wp-block-column is-layout-flow wp-block-column-is-layout-flow\">\n<div class=\"wp-block-group is-vertical is-content-justification-left is-layout-flex wp-container-core-group-is-layout-7ce391b6 wp-block-group-is-layout-flex\" style=\"min-height:100%\">\n<h2 class=\"wp-block-heading has-text-align-left is-style-default has-x-small-font-size\">Northstar @ AMK l\u00e0&nbsp;<strong>m\u1ed9t b\u1ea5t \u0111\u1ed9ng s\u1ea3n th\u01b0\u01a1ng m\u1ea1i cho thu\u00ea 60 n\u0103m t\u1ecda l\u1ea1c t\u1ea1i 7030, Ang Mo Kio Avenue 5, 569880 \u1edf Qu\u1eadn 20<\/strong>. <\/h2>\n\n\n\n<p class=\"has-text-align-left has-large-font-size\"><strong>Northstar @ AMK ch\u1ee7 y\u1ebfu \u0111\u01b0\u1ee3c s\u1eed d\u1ee5ng \u0111\u1ec3 cho thu\u00ea v\u00e0 b\u00e1n C\u00f4ng nghi\u1ec7p nh\u1eb9 (B1). Northstar @ AMK g\u1ea7n v\u1edbi MRT Buangkok (NE15). <\/strong><\/p>\n\n\n\n<blockquote class=\"wp-block-quote is-style-plain has-x-large-font-size is-layout-flow wp-container-core-quote-is-layout-5dafc681 wp-block-quote-is-layout-flow is-style-plain--5\" style=\"font-style:normal;font-weight:400\">\n<div class=\"wp-block-group has-global-padding is-content-justification-left is-layout-constrained wp-container-core-group-is-layout-085bd3d9 wp-block-group-is-layout-constrained\" style=\"margin-top:0;margin-bottom:0;padding-top:0;padding-right:0;padding-bottom:0;padding-left:0\">\n<p class=\"has-text-align-center is-style-default has-x-large-font-size\">Ng\u00f4i sao ph\u01b0\u01a1ng B\u1eafc Ang Mo Kio<\/p>\n<\/div>\n<\/blockquote>\n<\/div>\n<\/div>\n\n\n\n<div class=\"wp-block-column is-layout-flow wp-block-column-is-layout-flow\" style=\"padding-top:0;padding-right:0;padding-bottom:0;padding-left:0\">\n<figure class=\"wp-block-image size-full\"><img loading=\"lazy\" decoding=\"async\" width=\"1024\" height=\"566\" src=\"https:\/\/www.jadeshopsingapore.com\/wp-content\/uploads\/2024\/12\/northstar.jpg\" alt=\"\" class=\"wp-image-145\" style=\"aspect-ratio:1;object-fit:cover\" srcset=\"https:\/\/www.jadeshopsingapore.com\/wp-content\/uploads\/2024\/12\/northstar.jpg 1024w, https:\/\/www.jadeshopsingapore.com\/wp-content\/uploads\/2024\/12\/northstar-300x166.jpg 300w, https:\/\/www.jadeshopsingapore.com\/wp-content\/uploads\/2024\/12\/northstar-768x425.jpg 768w\" sizes=\"auto, (max-width: 1024px) 100vw, 1024px\" title=\"\"><\/figure>\n<\/div>\n<\/div>\n<\/div>","protected":false},"excerpt":{"rendered":"<p>Yi Pin Qian Jade Shop Singapore &#8211; about us Yi Pin Qian is a distinguished Singapore Online Jade Shop, specializing in high-quality to premium jadeites. Established on January 3rd, 2016, the company has evolved from offering a diverse range of products to becoming a trusted name in the jade industry. As a regulated licensed precious [&hellip;]<\/p>","protected":false},"author":1,"featured_media":0,"parent":0,"menu_order":0,"comment_status":"closed","ping_status":"closed","template":"","meta":{"tpgb_global_settings":"","footnotes":""},"class_list":["post-136","page","type-page","status-publish","hentry"],"tpgb_featured_images":null,"tpgb_post_meta_info":{"get_date":"Th\u00e1ng 12 3, 2024","get_modified_date":"Th\u00e1ng 12 30, 2024","author_name":"admin","author_url":"https:\/\/www.jadeshopsingapore.com\/vi\/author\/admin\/","author_email":"admin@yipinqian.com","author_website":"https:\/\/jadeshopsingapore.com","author_description":"","author_facebook":"","author_twitter":"","author_instagram":"","author_role":["administrator"],"author_firstname":"","author_lastname":"","user_login":"ypqyipinqian","author_avatar":"<img alt=\"Avatar of admin\" src=\"https:\/\/secure.gravatar.com\/avatar\/142d17bd0f83b8ccf653ca8f6b5be76d187da1d7d3a5ad22b339a9f737d1b75c?s=200&#038;d=mm&#038;r=g\" srcset=\"https:\/\/secure.gravatar.com\/avatar\/142d17bd0f83b8ccf653ca8f6b5be76d187da1d7d3a5ad22b339a9f737d1b75c?s=400&#038;d=mm&#038;r=g 2x\" class=\"avatar avatar-200 photo\" height=\"200\" width=\"200\" loading=\"lazy\" decoding=\"async\">","author_avatar_url":"https:\/\/secure.gravatar.com\/avatar\/142d17bd0f83b8ccf653ca8f6b5be76d187da1d7d3a5ad22b339a9f737d1b75c?s=96&d=mm&r=g","comment_count":0,"post_likes":0,"post_views":0},"tpgb_post_category":[],"_links":{"self":[{"href":"https:\/\/www.jadeshopsingapore.com\/vi\/wp-json\/wp\/v2\/pages\/136","targetHints":{"allow":["GET"]}}],"collection":[{"href":"https:\/\/www.jadeshopsingapore.com\/vi\/wp-json\/wp\/v2\/pages"}],"about":[{"href":"https:\/\/www.jadeshopsingapore.com\/vi\/wp-json\/wp\/v2\/types\/page"}],"author":[{"embeddable":true,"href":"https:\/\/www.jadeshopsingapore.com\/vi\/wp-json\/wp\/v2\/users\/1"}],"replies":[{"embeddable":true,"href":"https:\/\/www.jadeshopsingapore.com\/vi\/wp-json\/wp\/v2\/comments?post=136"}],"version-history":[{"count":0,"href":"https:\/\/www.jadeshopsingapore.com\/vi\/wp-json\/wp\/v2\/pages\/136\/revisions"}],"wp:attachment":[{"href":"https:\/\/www.jadeshopsingapore.com\/vi\/wp-json\/wp\/v2\/media?parent=136"}],"curies":[{"name":"wp","href":"https:\/\/api.w.org\/{rel}","templated":true}]}}