{"id":2067,"date":"2024-12-15T18:47:32","date_gmt":"2024-12-15T18:47:32","guid":{"rendered":"https:\/\/www.jadeshopsingapore.com\/?page_id=2067"},"modified":"2024-12-30T19:22:02","modified_gmt":"2024-12-30T19:22:02","slug":"jade-shop-gallery","status":"publish","type":"page","link":"https:\/\/www.jadeshopsingapore.com\/vi\/jade-shop-gallery\/","title":{"rendered":"Ch\u00ednh s\u00e1ch b\u1ea3o m\u1eadt c\u1ee7a Jade Shop Gallery Singapore"},"content":{"rendered":"<figure class=\"wp-block-gallery has-nested-images columns-default is-cropped wp-block-gallery-2 is-layout-flex wp-block-gallery-is-layout-flex\">\n<figure class=\"wp-block-image size-large\"><img loading=\"lazy\" decoding=\"async\" width=\"1024\" height=\"1024\" data-id=\"2076\" src=\"https:\/\/www.jadeshopsingapore.com\/wp-content\/uploads\/2024\/12\/WhatsApp-Image-2024-12-12-at-11.26.11_e08e2ac4-1024x1024.jpg\" alt=\"ph\u00f2ng tr\u01b0ng b\u00e0y c\u1eeda h\u00e0ng ng\u1ecdc b\u00edch - ch\u00ednh s\u00e1ch b\u1ea3o m\u1eadt\" class=\"wp-image-2076\" srcset=\"https:\/\/www.jadeshopsingapore.com\/wp-content\/uploads\/2024\/12\/WhatsApp-Image-2024-12-12-at-11.26.11_e08e2ac4-1024x1024.jpg 1024w, https:\/\/www.jadeshopsingapore.com\/wp-content\/uploads\/2024\/12\/WhatsApp-Image-2024-12-12-at-11.26.11_e08e2ac4-300x300.jpg 300w, https:\/\/www.jadeshopsingapore.com\/wp-content\/uploads\/2024\/12\/WhatsApp-Image-2024-12-12-at-11.26.11_e08e2ac4-150x150.jpg 150w, https:\/\/www.jadeshopsingapore.com\/wp-content\/uploads\/2024\/12\/WhatsApp-Image-2024-12-12-at-11.26.11_e08e2ac4-768x768.jpg 768w, https:\/\/www.jadeshopsingapore.com\/wp-content\/uploads\/2024\/12\/WhatsApp-Image-2024-12-12-at-11.26.11_e08e2ac4-12x12.jpg 12w, https:\/\/www.jadeshopsingapore.com\/wp-content\/uploads\/2024\/12\/WhatsApp-Image-2024-12-12-at-11.26.11_e08e2ac4-700x700.jpg 700w, https:\/\/www.jadeshopsingapore.com\/wp-content\/uploads\/2024\/12\/WhatsApp-Image-2024-12-12-at-11.26.11_e08e2ac4.jpg 1080w\" sizes=\"auto, (max-width: 1024px) 100vw, 1024px\" title=\"\"><\/figure>\n\n\n\n<figure class=\"wp-block-image size-large\"><img loading=\"lazy\" decoding=\"async\" width=\"768\" height=\"1024\" data-id=\"2077\" src=\"https:\/\/www.jadeshopsingapore.com\/wp-content\/uploads\/2024\/12\/WhatsApp-Image-2024-12-12-at-11.26.09_daf1ab8c-768x1024.jpg\" alt=\"h\u00ecnh \u1ea3nh 2 ch\u00ednh s\u00e1ch b\u1ea3o m\u1eadt\" class=\"wp-image-2077\" srcset=\"https:\/\/www.jadeshopsingapore.com\/wp-content\/uploads\/2024\/12\/WhatsApp-Image-2024-12-12-at-11.26.09_daf1ab8c-768x1024.jpg 768w, https:\/\/www.jadeshopsingapore.com\/wp-content\/uploads\/2024\/12\/WhatsApp-Image-2024-12-12-at-11.26.09_daf1ab8c-225x300.jpg 225w, https:\/\/www.jadeshopsingapore.com\/wp-content\/uploads\/2024\/12\/WhatsApp-Image-2024-12-12-at-11.26.09_daf1ab8c-1152x1536.jpg 1152w, https:\/\/www.jadeshopsingapore.com\/wp-content\/uploads\/2024\/12\/WhatsApp-Image-2024-12-12-at-11.26.09_daf1ab8c-9x12.jpg 9w, https:\/\/www.jadeshopsingapore.com\/wp-content\/uploads\/2024\/12\/WhatsApp-Image-2024-12-12-at-11.26.09_daf1ab8c.jpg 1536w\" sizes=\"auto, (max-width: 768px) 100vw, 768px\" title=\"\"><\/figure>\n\n\n\n<figure class=\"wp-block-image size-large\"><img loading=\"lazy\" decoding=\"async\" width=\"1024\" height=\"1024\" data-id=\"2078\" src=\"https:\/\/www.jadeshopsingapore.com\/wp-content\/uploads\/2024\/12\/WhatsApp-Image-2024-12-12-at-11.26.10_a72ede6f-1024x1024.jpg\" alt=\"h\u00ecnh \u1ea3nh 3 ch\u00ednh s\u00e1ch b\u1ea3o m\u1eadt\" class=\"wp-image-2078\" srcset=\"https:\/\/www.jadeshopsingapore.com\/wp-content\/uploads\/2024\/12\/WhatsApp-Image-2024-12-12-at-11.26.10_a72ede6f-1024x1024.jpg 1024w, https:\/\/www.jadeshopsingapore.com\/wp-content\/uploads\/2024\/12\/WhatsApp-Image-2024-12-12-at-11.26.10_a72ede6f-300x300.jpg 300w, https:\/\/www.jadeshopsingapore.com\/wp-content\/uploads\/2024\/12\/WhatsApp-Image-2024-12-12-at-11.26.10_a72ede6f-150x150.jpg 150w, https:\/\/www.jadeshopsingapore.com\/wp-content\/uploads\/2024\/12\/WhatsApp-Image-2024-12-12-at-11.26.10_a72ede6f-768x768.jpg 768w, https:\/\/www.jadeshopsingapore.com\/wp-content\/uploads\/2024\/12\/WhatsApp-Image-2024-12-12-at-11.26.10_a72ede6f-12x12.jpg 12w, https:\/\/www.jadeshopsingapore.com\/wp-content\/uploads\/2024\/12\/WhatsApp-Image-2024-12-12-at-11.26.10_a72ede6f-700x700.jpg 700w, https:\/\/www.jadeshopsingapore.com\/wp-content\/uploads\/2024\/12\/WhatsApp-Image-2024-12-12-at-11.26.10_a72ede6f.jpg 1080w\" sizes=\"auto, (max-width: 1024px) 100vw, 1024px\" title=\"\"><\/figure>\n<\/figure>\n\n\n\n<hr class=\"wp-block-separator has-alpha-channel-opacity\"\/>\n\n\n\n<h2 class=\"wp-block-heading\"><strong>Ch\u00ednh s\u00e1ch b\u1ea3o m\u1eadt cho Jade Shop Gallery Singapore<\/strong><\/h2>\n\n\n\n<p><strong>Ng\u00e0y c\u00f3 hi\u1ec7u l\u1ef1c:<\/strong> 15-12-2024<\/p>\n\n\n\n<p><strong>T\u1ea1i Jade Shop Gallery Singapore<\/strong> -(https:\/\/jadeshopsingapore.com\/), ch\u00fang t\u00f4i cam k\u1ebft b\u1ea3o v\u1ec7 quy\u1ec1n ri\u00eang t\u01b0 c\u1ee7a b\u1ea1n v\u00e0 \u0111\u1ea3m b\u1ea3o th\u00f4ng tin c\u00e1 nh\u00e2n c\u1ee7a b\u1ea1n \u0111\u01b0\u1ee3c x\u1eed l\u00fd theo c\u00e1ch an to\u00e0n v\u00e0 c\u00f3 tr\u00e1ch nhi\u1ec7m. Ch\u00ednh s\u00e1ch b\u1ea3o m\u1eadt n\u00e0y n\u00eau r\u00f5 c\u00e1ch ch\u00fang t\u00f4i thu th\u1eadp, s\u1eed d\u1ee5ng, ti\u1ebft l\u1ed9 v\u00e0 b\u1ea3o v\u1ec7 th\u00f4ng tin c\u1ee7a b\u1ea1n khi b\u1ea1n truy c\u1eadp trang web c\u1ee7a ch\u00fang t\u00f4i.<\/p>\n\n\n\n<h3 class=\"wp-block-heading\"><strong>1. Th\u00f4ng tin ch\u00fang t\u00f4i thu th\u1eadp<\/strong><\/h3>\n\n\n\n<p>Ch\u00fang t\u00f4i kh\u00f4ng ch\u1ee7 \u0111\u1ed9ng thu th\u1eadp th\u00f4ng tin c\u00e1 nh\u00e2n t\u1eeb kh\u00e1ch truy c\u1eadp trang web c\u1ee7a ch\u00fang t\u00f4i. Tuy nhi\u00ean, ch\u00fang t\u00f4i c\u00f3 th\u1ec3 t\u1ef1 \u0111\u1ed9ng thu th\u1eadp m\u1ed9t s\u1ed1 th\u00f4ng tin nh\u1ea5t \u0111\u1ecbnh, ch\u1eb3ng h\u1ea1n nh\u01b0:<\/p>\n\n\n\n<ul class=\"wp-block-list\">\n<li><strong>Cookie:<\/strong> Trang web c\u1ee7a ch\u00fang t\u00f4i c\u00f3 th\u1ec3 s\u1eed d\u1ee5ng cookie \u0111\u1ec3 n\u00e2ng cao tr\u1ea3i nghi\u1ec7m c\u1ee7a ng\u01b0\u1eddi d\u00f9ng. Cookie l\u00e0 nh\u1eefng t\u1ec7p nh\u1ecf \u0111\u01b0\u1ee3c \u0111\u1eb7t tr\u00ean thi\u1ebft b\u1ecb c\u1ee7a b\u1ea1n gi\u00fap ch\u00fang t\u00f4i hi\u1ec3u c\u00e1ch kh\u00e1ch truy c\u1eadp t\u01b0\u01a1ng t\u00e1c v\u1edbi trang web c\u1ee7a ch\u00fang t\u00f4i.<\/li>\n\n\n\n<li><strong>D\u1eef li\u1ec7u s\u1eed d\u1ee5ng:<\/strong> Ch\u00fang t\u00f4i c\u00f3 th\u1ec3 thu th\u1eadp th\u00f4ng tin v\u1ec1 c\u00e1ch b\u1ea1n truy c\u1eadp v\u00e0 s\u1eed d\u1ee5ng trang web, bao g\u1ed3m \u0111\u1ecba ch\u1ec9 IP, lo\u1ea1i tr\u00ecnh duy\u1ec7t v\u00e0 c\u00e1c trang \u0111\u00e3 truy c\u1eadp.<\/li>\n<\/ul>\n\n\n\n<h3 class=\"wp-block-heading\"><strong>2. S\u1eed d\u1ee5ng th\u00f4ng tin<\/strong><\/h3>\n\n\n\n<p>Th\u00f4ng tin ch\u00fang t\u00f4i thu th\u1eadp c\u00f3 th\u1ec3 \u0111\u01b0\u1ee3c s\u1eed d\u1ee5ng theo nh\u1eefng c\u00e1ch sau:<\/p>\n\n\n\n<ul class=\"wp-block-list\">\n<li>\u0110\u1ec3 c\u1ea3i thi\u1ec7n trang web v\u00e0 d\u1ecbch v\u1ee5 c\u1ee7a ch\u00fang t\u00f4i.<\/li>\n\n\n\n<li>\u0110\u1ec3 hi\u1ec3u h\u00e0nh vi v\u00e0 s\u1edf th\u00edch c\u1ee7a ng\u01b0\u1eddi d\u00f9ng.<\/li>\n\n\n\n<li>\u0110\u1ec3 n\u00e2ng cao d\u1ecbch v\u1ee5 h\u1ed7 tr\u1ee3 v\u00e0 ch\u0103m s\u00f3c kh\u00e1ch h\u00e0ng.<\/li>\n<\/ul>\n\n\n\n<h3 class=\"wp-block-heading\"><strong>3. Ti\u1ebft l\u1ed9 th\u00f4ng tin<\/strong><\/h3>\n\n\n\n<p>Ch\u00fang t\u00f4i kh\u00f4ng b\u00e1n, giao d\u1ecbch ho\u1eb7c chuy\u1ec3n giao th\u00f4ng tin nh\u1eadn d\u1ea1ng c\u00e1 nh\u00e2n c\u1ee7a b\u1ea1n cho b\u00ean th\u1ee9 ba m\u00e0 kh\u00f4ng c\u00f3 s\u1ef1 \u0111\u1ed3ng \u00fd c\u1ee7a b\u1ea1n, tr\u1eeb khi ph\u00e1p lu\u1eadt y\u00eau c\u1ea7u ho\u1eb7c \u0111\u1ec3 tu\u00e2n th\u1ee7 c\u00e1c quy tr\u00ecnh ph\u00e1p l\u00fd.<\/p>\n\n\n\n<h3 class=\"wp-block-heading\"><strong>4. Li\u00ean k\u1ebft c\u1ee7a b\u00ean th\u1ee9 ba<\/strong> t\u1eeb Ph\u00f2ng tr\u01b0ng b\u00e0y Jade Shop<\/h3>\n\n\n\n<p>Trang web c\u1ee7a ch\u00fang t\u00f4i c\u00f3 th\u1ec3 ch\u1ee9a c\u00e1c li\u00ean k\u1ebft \u0111\u1ebfn c\u00e1c trang web c\u1ee7a b\u00ean th\u1ee9 ba kh\u00f4ng do ch\u00fang t\u00f4i v\u1eadn h\u00e0nh. Ch\u00fang t\u00f4i kh\u00f4ng ch\u1ecbu tr\u00e1ch nhi\u1ec7m v\u1ec1 n\u1ed9i dung ho\u1eb7c c\u00e1c ho\u1ea1t \u0111\u1ed9ng b\u1ea3o m\u1eadt c\u1ee7a c\u00e1c trang web n\u00e0y. Ch\u00fang t\u00f4i khuy\u00ean b\u1ea1n n\u00ean xem l\u1ea1i ch\u00ednh s\u00e1ch b\u1ea3o m\u1eadt c\u1ee7a b\u1ea5t k\u1ef3 trang web c\u1ee7a b\u00ean th\u1ee9 ba n\u00e0o m\u00e0 b\u1ea1n truy c\u1eadp.<\/p>\n\n\n\n<h3 class=\"wp-block-heading\"><strong>5. B\u1ea3o m\u1eadt th\u00f4ng tin c\u1ee7a b\u1ea1n<\/strong><\/h3>\n\n\n\n<p>M\u1eb7c d\u00f9 ch\u00fang t\u00f4i n\u1ed7 l\u1ef1c b\u1ea3o v\u1ec7 th\u00f4ng tin c\u1ee7a b\u1ea1n, kh\u00f4ng c\u00f3 ph\u01b0\u01a1ng ph\u00e1p truy\u1ec1n qua Internet ho\u1eb7c ph\u01b0\u01a1ng ph\u00e1p l\u01b0u tr\u1eef \u0111i\u1ec7n t\u1eed n\u00e0o l\u00e0 an to\u00e0n 100%. Ch\u00fang t\u00f4i s\u1eed d\u1ee5ng c\u00e1c ph\u01b0\u01a1ng ti\u1ec7n \u0111\u01b0\u1ee3c ch\u1ea5p nh\u1eadn v\u1ec1 m\u1eb7t th\u01b0\u01a1ng m\u1ea1i \u0111\u1ec3 b\u1ea3o v\u1ec7 th\u00f4ng tin c\u00e1 nh\u00e2n c\u1ee7a b\u1ea1n, nh\u01b0ng ch\u00fang t\u00f4i kh\u00f4ng th\u1ec3 \u0111\u1ea3m b\u1ea3o t\u00ednh b\u1ea3o m\u1eadt tuy\u1ec7t \u0111\u1ed1i c\u1ee7a th\u00f4ng tin \u0111\u00f3.<\/p>\n\n\n\n<h3 class=\"wp-block-heading\"><strong>6. Quy\u1ec1n ri\u00eang t\u01b0 c\u1ee7a tr\u1ebb em<\/strong><\/h3>\n\n\n\n<p>Trang web c\u1ee7a ch\u00fang t\u00f4i kh\u00f4ng c\u1ed1 \u00fd thu th\u1eadp th\u00f4ng tin nh\u1eadn d\u1ea1ng c\u00e1 nh\u00e2n t\u1eeb tr\u1ebb em d\u01b0\u1edbi 13 tu\u1ed5i. N\u1ebfu b\u1ea1n l\u00e0 cha m\u1eb9 ho\u1eb7c ng\u01b0\u1eddi gi\u00e1m h\u1ed9 v\u00e0 tin r\u1eb1ng con b\u1ea1n \u0111\u00e3 cung c\u1ea5p cho ch\u00fang t\u00f4i d\u1eef li\u1ec7u c\u00e1 nh\u00e2n, vui l\u00f2ng li\u00ean h\u1ec7 v\u1edbi ch\u00fang t\u00f4i. N\u1ebfu ch\u00fang t\u00f4i bi\u1ebft r\u1eb1ng ch\u00fang t\u00f4i \u0111\u00e3 thu th\u1eadp th\u00f4ng tin c\u00e1 nh\u00e2n t\u1eeb tr\u1ebb em m\u00e0 kh\u00f4ng x\u00e1c minh s\u1ef1 \u0111\u1ed3ng \u00fd c\u1ee7a cha m\u1eb9, ch\u00fang t\u00f4i s\u1ebd th\u1ef1c hi\u1ec7n c\u00e1c b\u01b0\u1edbc \u0111\u1ec3 x\u00f3a th\u00f4ng tin \u0111\u00f3 kh\u1ecfi m\u00e1y ch\u1ee7 c\u1ee7a ch\u00fang t\u00f4i.<\/p>\n\n\n\n<h3 class=\"wp-block-heading\"><strong>7. Nh\u1eefng thay \u0111\u1ed5i \u0111\u1ed1i v\u1edbi Ch\u00ednh s\u00e1ch b\u1ea3o m\u1eadt n\u00e0y<\/strong><\/h3>\n\n\n\n<p>Ch\u00fang t\u00f4i c\u00f3 th\u1ec3 c\u1eadp nh\u1eadt Ch\u00ednh s\u00e1ch b\u1ea3o m\u1eadt c\u1ee7a m\u00ecnh theo th\u1eddi gian. Ch\u00fang t\u00f4i s\u1ebd th\u00f4ng b\u00e1o cho b\u1ea1n v\u1ec1 b\u1ea5t k\u1ef3 thay \u0111\u1ed5i n\u00e0o b\u1eb1ng c\u00e1ch \u0111\u0103ng Ch\u00ednh s\u00e1ch b\u1ea3o m\u1eadt m\u1edbi tr\u00ean trang n\u00e0y v\u00e0 c\u1eadp nh\u1eadt ng\u00e0y c\u00f3 hi\u1ec7u l\u1ef1c. Ch\u00fang t\u00f4i khuy\u1ebfn kh\u00edch b\u1ea1n xem l\u1ea1i Ch\u00ednh s\u00e1ch b\u1ea3o m\u1eadt n\u00e0y \u0111\u1ecbnh k\u1ef3 \u0111\u1ec3 bi\u1ebft b\u1ea5t k\u1ef3 thay \u0111\u1ed5i n\u00e0o.<\/p>\n\n\n\n<h3 class=\"wp-block-heading\"><strong>8. Li\u00ean h\u1ec7 v\u1edbi Jade Shop Gallery<\/strong><\/h3>\n\n\n\n<p>N\u1ebfu b\u1ea1n c\u00f3 b\u1ea5t k\u1ef3 c\u00e2u h\u1ecfi ho\u1eb7c th\u1eafc m\u1eafc n\u00e0o v\u1ec1 Ch\u00ednh s\u00e1ch b\u1ea3o m\u1eadt n\u00e0y, vui l\u00f2ng li\u00ean h\u1ec7 v\u1edbi ch\u00fang t\u00f4i: <\/p>\n\n\n\n<ul class=\"wp-block-list\">\n<li><strong>E-mail: <a href=\"mailto:admin@yipinqian.com\" target=\"_blank\" rel=\"noreferrer noopener\">admin@yipinqian.com<\/a><\/strong><\/li>\n\n\n\n<li><strong>\u1ee8ng d\u1ee5ng What&#039;s App: <a href=\"https:\/\/wa.me\/+6590991784\" target=\"_blank\" rel=\"noreferrer noopener\">https:\/\/wa.me\/+6590991784<\/a><\/strong><\/li>\n\n\n\n<li><strong>\u0110\u1ecba ch\u1ec9:<\/strong> <strong>7030 Ang Mo Kio Avenue 5, Northstar @ AMK Singapore 569880<\/strong><\/li>\n<\/ul>\n\n\n\n<p class=\"has-link-color wp-elements-e38b61010ca1090471cd4e8eb6f79e76\">\u0110\u1ec3 t\u00ecm hi\u1ec3u th\u00eam v\u1ec1 ch\u00fang t\u00f4i, vui l\u00f2ng nh\u1ea5p v\u00e0o li\u00ean k\u1ebft n\u00e0y -&gt; <a href=\"https:\/\/www.jadeshopsingapore.com\/vi\/cua-hang-ngoc-bich-singapore-ve-chung-toi\/\">v\u1ec1 ch\u00fang t\u00f4i<\/a><\/p>\n\n\n\n<p>B\u1eb1ng c\u00e1ch s\u1eed d\u1ee5ng trang web c\u1ee7a ch\u00fang t\u00f4i, b\u1ea1n \u0111\u1ed3ng \u00fd v\u1edbi Ch\u00ednh s\u00e1ch b\u1ea3o m\u1eadt c\u1ee7a ch\u00fang t\u00f4i v\u00e0 c\u00e1c \u0111i\u1ec1u kho\u1ea3n trong \u0111\u00f3.<\/p>\n\n\n\n<hr class=\"wp-block-separator has-alpha-channel-opacity\"\/>","protected":false},"excerpt":{"rendered":"<p>Privacy Policy for Jade Shop Gallery Singapore Effective Date: 15-12-2024 At Jade Shop Gallery Singapore -(https:\/\/jadeshopsingapore.com\/), we are committed to protecting your privacy and ensuring your personal information is handled in a safe and responsible manner. This Privacy Policy outlines how we collect, use, disclose, and safeguard your information when you visit our website. 1. [&hellip;]<\/p>","protected":false},"author":1,"featured_media":0,"parent":0,"menu_order":0,"comment_status":"closed","ping_status":"closed","template":"","meta":{"tpgb_global_settings":"","footnotes":""},"class_list":["post-2067","page","type-page","status-publish","hentry"],"tpgb_featured_images":null,"tpgb_post_meta_info":{"get_date":"Th\u00e1ng 12 15, 2024","get_modified_date":"Th\u00e1ng 12 30, 2024","author_name":"admin","author_url":"https:\/\/www.jadeshopsingapore.com\/vi\/author\/admin\/","author_email":"admin@yipinqian.com","author_website":"https:\/\/jadeshopsingapore.com","author_description":"","author_facebook":"","author_twitter":"","author_instagram":"","author_role":["administrator"],"author_firstname":"","author_lastname":"","user_login":"ypqyipinqian","author_avatar":"<img alt=\"Avatar of admin\" src=\"https:\/\/secure.gravatar.com\/avatar\/142d17bd0f83b8ccf653ca8f6b5be76d187da1d7d3a5ad22b339a9f737d1b75c?s=200&#038;d=mm&#038;r=g\" srcset=\"https:\/\/secure.gravatar.com\/avatar\/142d17bd0f83b8ccf653ca8f6b5be76d187da1d7d3a5ad22b339a9f737d1b75c?s=400&#038;d=mm&#038;r=g 2x\" class=\"avatar avatar-200 photo\" height=\"200\" width=\"200\" loading=\"lazy\" decoding=\"async\">","author_avatar_url":"https:\/\/secure.gravatar.com\/avatar\/142d17bd0f83b8ccf653ca8f6b5be76d187da1d7d3a5ad22b339a9f737d1b75c?s=96&d=mm&r=g","comment_count":0,"post_likes":0,"post_views":0},"tpgb_post_category":[],"_links":{"self":[{"href":"https:\/\/www.jadeshopsingapore.com\/vi\/wp-json\/wp\/v2\/pages\/2067","targetHints":{"allow":["GET"]}}],"collection":[{"href":"https:\/\/www.jadeshopsingapore.com\/vi\/wp-json\/wp\/v2\/pages"}],"about":[{"href":"https:\/\/www.jadeshopsingapore.com\/vi\/wp-json\/wp\/v2\/types\/page"}],"author":[{"embeddable":true,"href":"https:\/\/www.jadeshopsingapore.com\/vi\/wp-json\/wp\/v2\/users\/1"}],"replies":[{"embeddable":true,"href":"https:\/\/www.jadeshopsingapore.com\/vi\/wp-json\/wp\/v2\/comments?post=2067"}],"version-history":[{"count":0,"href":"https:\/\/www.jadeshopsingapore.com\/vi\/wp-json\/wp\/v2\/pages\/2067\/revisions"}],"wp:attachment":[{"href":"https:\/\/www.jadeshopsingapore.com\/vi\/wp-json\/wp\/v2\/media?parent=2067"}],"curies":[{"name":"wp","href":"https:\/\/api.w.org\/{rel}","templated":true}]}}