{"id":843,"date":"2024-12-06T13:40:16","date_gmt":"2024-12-06T13:40:16","guid":{"rendered":"https:\/\/www.jadeshopsingapore.com\/?page_id=843"},"modified":"2024-12-30T19:22:28","modified_gmt":"2024-12-30T19:22:28","slug":"jade-video-gallery","status":"publish","type":"page","link":"https:\/\/www.jadeshopsingapore.com\/vi\/jade-video-gallery\/","title":{"rendered":"Th\u01b0 vi\u1ec7n video Jade t\u1ea1i Jadeite Jade Shop Singapore"},"content":{"rendered":"<div class=\"wp-block-cover alignfull is-light overflow-x: hidden; has-accent-6-color has-text-color has-link-color wp-elements-e564d79b085c7b54a27bc1379f96db26\" style=\"margin-top:0;margin-bottom:0;padding-top:200px;padding-right:var(--wp--preset--spacing--50);padding-bottom:200px;padding-left:var(--wp--preset--spacing--50);min-height:100vh;aspect-ratio:unset;\"><span aria-hidden=\"true\" class=\"wp-block-cover__background has-background-dim-0 has-background-dim\" style=\"background-color:#968c7f\"><\/span><img loading=\"lazy\" decoding=\"async\" width=\"800\" height=\"800\" class=\"wp-block-cover__image-background wp-image-845\" alt=\"Th\u01b0 vi\u1ec7n video Jade - M\u1eb7t d\u00e2y chuy\u1ec1n Quan C\u00f4ng\" src=\"https:\/\/www.jadeshopsingapore.com\/wp-content\/uploads\/2024\/12\/WhatsApp-Image-2024-05-19-at-13.45.29_111b5c48-e1733493060708.jpg\" style=\"object-position:40% 40%\" data-object-fit=\"cover\" data-object-position=\"40% 40%\" title=\"\"><div class=\"wp-block-cover__inner-container has-global-padding is-layout-constrained wp-container-core-cover-is-layout-d47c59a2 wp-block-cover-is-layout-constrained\">\n<p class=\"has-text-align-center\">Singapore Online Jade Video Gallery<\/p>\n<\/div><\/div>\n\n\n\n<div class=\"wp-block-group alignfull overflow-x: hidden; has-background is-layout-flow wp-block-group-is-layout-flow\" style=\"background-color:#f5eac1;padding-top:6vw;padding-right:6vw;padding-bottom:6vw;padding-left:6vw\">\n<div class=\"wp-block-group is-vertical is-nowrap is-layout-flex wp-container-core-group-is-layout-36fd9ea3 wp-block-group-is-layout-flex\" style=\"padding-right:0;padding-left:0\">\n<h6 class=\"wp-block-heading has-text-color\" id=\"ecosystem\" style=\"color:#000000;font-size:clamp(14px, 0.875rem + ((1vw - 3.2px) * 0.196), 16px);\">JaDE VIDEO GALLERY \u2013 T\u1ea1o ra tr\u1ea3i nghi\u1ec7m mua s\u1eafm tr\u1ef1c tuy\u1ebfn t\u1ed1t h\u01a1n<\/h6>\n\n\n\n<p class=\"position: relative; z-index: 1; overflow-x: hidden; has-text-color\" style=\"color:#000000;font-size:6vw;font-style:normal;font-weight:700;letter-spacing:0px;line-height:0.9;text-decoration:none;text-transform:none\">Th\u01b0 vi\u1ec7n video s\u1ea3n ph\u1ea9m<\/p>\n<\/div>\n\n\n\n<div style=\"height:1vw\" aria-hidden=\"true\" class=\"wp-block-spacer\"><\/div>\n\n\n\n<div class=\"wp-block-group alignwide is-vertical is-nowrap is-layout-flex wp-container-core-group-is-layout-7946b6b8 wp-block-group-is-layout-flex\" style=\"padding-top:0;padding-right:0;padding-bottom:0;padding-left:0\">\n<div class=\"wp-block-columns alignwide is-layout-flex wp-container-core-columns-is-layout-21b20327 wp-block-columns-is-layout-flex\">\n<div class=\"wp-block-column is-layout-flow wp-block-column-is-layout-flow\" style=\"flex-basis:33.38%\">\n<p class=\"has-text-color\" style=\"color:#000000;font-size:clamp(14px, 0.875rem + ((1vw - 3.2px) * 0.392), 18px);\">Ch\u00fang t\u00f4i h\u01b0\u1edbng \u0111\u1ebfn m\u1ee5c ti\u00eau n\u00e2ng cao tr\u1ea3i nghi\u1ec7m mua s\u1eafm tr\u1ef1c tuy\u1ebfn cho kh\u00e1ch h\u00e0ng b\u1eb1ng c\u00e1ch gi\u1edbi thi\u1ec7u c\u00e1c th\u01b0 vi\u1ec7n video s\u1ea3n ph\u1ea9m. C\u00e1c c\u1eeda h\u00e0ng tr\u1ef1c tuy\u1ebfn c\u1ee7a ch\u00fang t\u00f4i, ch\u1eb3ng h\u1ea1n nh\u01b0 https:\/\/www.yipinqian.com.sg\/ v\u00e0 https:\/\/shop.yipinqian.com\/, \u0111\u00e3 bao g\u1ed3m c\u00e1c video s\u1ea3n ph\u1ea9m, nh\u01b0ng ch\u00fang t\u00f4i tin r\u1eb1ng vi\u1ec7c t\u1ea1o ra c\u00e1c th\u01b0 vi\u1ec7n video v\u00e0 h\u00ecnh \u1ea3nh chuy\u00ean d\u1ee5ng s\u1ebd c\u1ea3i thi\u1ec7n h\u01a1n n\u1eefa s\u1ef1 h\u00e0i l\u00f2ng c\u1ee7a kh\u00e1ch h\u00e0ng. V\u1edbi b\u1ed9 s\u01b0u t\u1eadp ng\u1ecdc b\u00edch jadeite phong ph\u00fa c\u1ee7a ch\u00fang t\u00f4i, kh\u00e1ch h\u00e0ng c\u00f3 th\u1ec3 th\u1ea5y kh\u00f3 kh\u0103n khi t\u00ecm ki\u1ebfm c\u00e1c m\u1eb7t h\u00e0ng mong mu\u1ed1n. B\u1eb1ng c\u00e1ch cung c\u1ea5p c\u00e1c th\u01b0 vi\u1ec7n n\u00e0y, kh\u00e1ch h\u00e0ng s\u1ebd c\u00f3 c\u01a1 h\u1ed9i xem tr\u01b0\u1edbc v\u00e0 \u0111\u00e1nh gi\u00e1 s\u1ea3n ph\u1ea9m thu\u1eadn ti\u1ec7n h\u01a1n tr\u01b0\u1edbc.<\/p>\n<\/div>\n\n\n\n<div class=\"wp-block-column is-layout-flow wp-block-column-is-layout-flow\" style=\"flex-basis:33%\">\n<div style=\"height:2vw\" aria-hidden=\"true\" class=\"wp-block-spacer\"><\/div>\n\n\n\n<figure class=\"wp-block-image size-large\"><img loading=\"lazy\" decoding=\"async\" width=\"1024\" height=\"1024\" src=\"https:\/\/www.jadeshopsingapore.com\/wp-content\/uploads\/2024\/12\/WhatsApp-Image-2024-05-19-at-13.45.30_bcef207b-1024x1024.jpg\" alt=\"h\u00ecnh \u1ea3nh m\u1eb7t d\u00e2y chuy\u1ec1n quan c\u00f4ng 1 \" class=\"wp-image-857\" srcset=\"https:\/\/www.jadeshopsingapore.com\/wp-content\/uploads\/2024\/12\/WhatsApp-Image-2024-05-19-at-13.45.30_bcef207b-1024x1024.jpg 1024w, https:\/\/www.jadeshopsingapore.com\/wp-content\/uploads\/2024\/12\/WhatsApp-Image-2024-05-19-at-13.45.30_bcef207b-300x300.jpg 300w, https:\/\/www.jadeshopsingapore.com\/wp-content\/uploads\/2024\/12\/WhatsApp-Image-2024-05-19-at-13.45.30_bcef207b-150x150.jpg 150w, https:\/\/www.jadeshopsingapore.com\/wp-content\/uploads\/2024\/12\/WhatsApp-Image-2024-05-19-at-13.45.30_bcef207b-768x768.jpg 768w, https:\/\/www.jadeshopsingapore.com\/wp-content\/uploads\/2024\/12\/WhatsApp-Image-2024-05-19-at-13.45.30_bcef207b-700x700.jpg 700w, https:\/\/www.jadeshopsingapore.com\/wp-content\/uploads\/2024\/12\/WhatsApp-Image-2024-05-19-at-13.45.30_bcef207b.jpg 1080w\" sizes=\"auto, (max-width: 1024px) 100vw, 1024px\" title=\"\"><\/figure>\n<\/div>\n\n\n\n<div class=\"wp-block-column is-layout-flow wp-block-column-is-layout-flow\" style=\"flex-basis:33.62%\">\n<figure class=\"wp-block-image size-large\"><img loading=\"lazy\" decoding=\"async\" width=\"1024\" height=\"1024\" src=\"https:\/\/www.jadeshopsingapore.com\/wp-content\/uploads\/2024\/12\/WhatsApp-Image-2024-05-19-at-13.45.31_58e4cd04-1024x1024.jpg\" alt=\"h\u00ecnh \u1ea3nh m\u1eb7t d\u00e2y chuy\u1ec1n quan c\u00f4ng 2\" class=\"wp-image-858\" srcset=\"https:\/\/www.jadeshopsingapore.com\/wp-content\/uploads\/2024\/12\/WhatsApp-Image-2024-05-19-at-13.45.31_58e4cd04-1024x1024.jpg 1024w, https:\/\/www.jadeshopsingapore.com\/wp-content\/uploads\/2024\/12\/WhatsApp-Image-2024-05-19-at-13.45.31_58e4cd04-300x300.jpg 300w, https:\/\/www.jadeshopsingapore.com\/wp-content\/uploads\/2024\/12\/WhatsApp-Image-2024-05-19-at-13.45.31_58e4cd04-150x150.jpg 150w, https:\/\/www.jadeshopsingapore.com\/wp-content\/uploads\/2024\/12\/WhatsApp-Image-2024-05-19-at-13.45.31_58e4cd04-768x768.jpg 768w, https:\/\/www.jadeshopsingapore.com\/wp-content\/uploads\/2024\/12\/WhatsApp-Image-2024-05-19-at-13.45.31_58e4cd04-700x700.jpg 700w, https:\/\/www.jadeshopsingapore.com\/wp-content\/uploads\/2024\/12\/WhatsApp-Image-2024-05-19-at-13.45.31_58e4cd04.jpg 1080w\" sizes=\"auto, (max-width: 1024px) 100vw, 1024px\" title=\"\"><\/figure>\n<\/div>\n<\/div>\n\n\n\n<div class=\"wp-block-columns alignwide is-layout-flex wp-container-core-columns-is-layout-c24efe4f wp-block-columns-is-layout-flex\">\n<div class=\"wp-block-column is-layout-flow wp-block-column-is-layout-flow\" style=\"flex-basis:69%\">\n<figure class=\"wp-block-image size-large\"><img loading=\"lazy\" decoding=\"async\" width=\"1024\" height=\"1024\" src=\"https:\/\/www.jadeshopsingapore.com\/wp-content\/uploads\/2024\/12\/WhatsApp-Image-2024-05-19-at-13.45.28_c118ab93-1024x1024.jpg\" alt=\"h\u00ecnh \u1ea3nh m\u1eb7t d\u00e2y chuy\u1ec1n quan c\u00f4ng 3\" class=\"wp-image-859\" srcset=\"https:\/\/www.jadeshopsingapore.com\/wp-content\/uploads\/2024\/12\/WhatsApp-Image-2024-05-19-at-13.45.28_c118ab93-1024x1024.jpg 1024w, https:\/\/www.jadeshopsingapore.com\/wp-content\/uploads\/2024\/12\/WhatsApp-Image-2024-05-19-at-13.45.28_c118ab93-300x300.jpg 300w, https:\/\/www.jadeshopsingapore.com\/wp-content\/uploads\/2024\/12\/WhatsApp-Image-2024-05-19-at-13.45.28_c118ab93-150x150.jpg 150w, https:\/\/www.jadeshopsingapore.com\/wp-content\/uploads\/2024\/12\/WhatsApp-Image-2024-05-19-at-13.45.28_c118ab93-768x768.jpg 768w, https:\/\/www.jadeshopsingapore.com\/wp-content\/uploads\/2024\/12\/WhatsApp-Image-2024-05-19-at-13.45.28_c118ab93-700x700.jpg 700w, https:\/\/www.jadeshopsingapore.com\/wp-content\/uploads\/2024\/12\/WhatsApp-Image-2024-05-19-at-13.45.28_c118ab93.jpg 1080w\" sizes=\"auto, (max-width: 1024px) 100vw, 1024px\" title=\"\"><\/figure>\n<\/div>\n\n\n\n<div class=\"wp-block-column is-vertically-aligned-center is-layout-flow wp-block-column-is-layout-flow\" style=\"flex-basis:33%\">\n<div style=\"height:2vw\" aria-hidden=\"true\" class=\"wp-block-spacer\"><\/div>\n\n\n\n<p class=\"has-text-color\" style=\"color:#000000;font-size:clamp(15.197px, 0.95rem + ((1vw - 3.2px) * 0.765), 23px);\">Ch\u00fang t\u00f4i tr\u00e2n tr\u1ecdng m\u1eddi c\u1ea3 kh\u00e1ch h\u00e0ng m\u1edbi v\u00e0 kh\u00e1ch h\u00e0ng c\u0169 chia s\u1ebb b\u1ea5t k\u1ef3 \u0111\u1ec1 xu\u1ea5t n\u00e0o h\u1ecd c\u00f3 li\u00ean quan \u0111\u1ebfn c\u1eeda h\u00e0ng ng\u1ecdc b\u00edch tr\u1ef1c tuy\u1ebfn c\u1ee7a ch\u00fang t\u00f4i t\u1ea1i Singapore, bao g\u1ed3m c\u00e1c s\u1ea3n ph\u1ea9m, th\u01b0 vi\u1ec7n h\u00ecnh \u1ea3nh v\u00e0 \u0111\u1eb7c bi\u1ec7t l\u00e0 th\u01b0 vi\u1ec7n video v\u1ec1 ng\u1ecdc b\u00edch c\u1ee7a ch\u00fang t\u00f4i. Ch\u00fang t\u00f4i r\u1ea5t tr\u00e2n tr\u1ecdng ph\u1ea3n h\u1ed3i c\u1ee7a b\u1ea1n, v\u00ec v\u1eady h\u00e3y tho\u1ea3i m\u00e1i li\u00ean h\u1ec7 v\u1edbi ch\u00fang t\u00f4i qua -&gt; <a href=\"mailto:admin@yipinqian.com\">e-mail<\/a> . M\u1eb7c d\u00f9 ch\u00fang t\u00f4i c\u1ed1 g\u1eafng gi\u1edbi thi\u1ec7u m\u1ed9t b\u1ed9 s\u01b0u t\u1eadp video v\u00e0 h\u00ecnh \u1ea3nh \u0111\u1ed3 s\u1ed9, nh\u01b0ng x\u00e9t \u0111\u1ebfn quy m\u00f4 kh\u1ed5ng l\u1ed3 c\u1ee7a b\u1ed9 s\u01b0u t\u1eadp ng\u1ecdc b\u00edch c\u1ee7a ch\u00fang t\u00f4i, ch\u00fang t\u00f4i khuy\u1ebfn kh\u00edch nh\u1eefng kh\u00e1ch h\u00e0ng quan t\u00e2m \u0111\u1ebfn vi\u1ec7c mua ng\u1ecdc b\u00edch \u0111\u1ebfn th\u0103m c\u1eeda h\u00e0ng th\u1ef1c t\u1ebf c\u1ee7a ch\u00fang t\u00f4i. C\u1ea3m \u01a1n s\u1ef1 th\u00f4ng c\u1ea3m v\u00e0 \u1ee7ng h\u1ed9 c\u1ee7a b\u1ea1n.<\/p>\n<\/div>\n<\/div>\n<\/div>\n<\/div>\n\n\n\n<div class=\"wp-block-group alignfull overflow-x: hidden; has-global-padding is-layout-constrained wp-container-core-group-is-layout-4651deb1 wp-block-group-is-layout-constrained\" style=\"margin-top:0;margin-bottom:0;padding-top:var(--wp--preset--spacing--70);padding-bottom:var(--wp--preset--spacing--70)\">\n<div class=\"wp-block-columns alignwide is-layout-flex wp-container-core-columns-is-layout-08a2a807 wp-block-columns-is-layout-flex\">\n<div class=\"wp-block-column is-vertically-aligned-center is-layout-flow wp-block-column-is-layout-flow\">\n<h3 class=\"wp-block-heading has-large-font-size\">Nhi\u1ec1u trang web \u0111\u01b0\u1ee3c ph\u00e2n lo\u1ea1i d\u1ef1a tr\u00ean n\u1ed9i dung, bao g\u1ed3m Th\u00f4ng tin v\u1ec1 Ng\u1ecdc Jadeite, h\u1ed3 s\u01a1 c\u00f4ng ty v\u00e0 c\u1eeda h\u00e0ng. <\/h3>\n\n\n\n<ul style=\"margin-top:var(--wp--preset--spacing--40);margin-bottom:var(--wp--preset--spacing--40);padding-left:var(--wp--preset--spacing--30)\" class=\"wp-block-list is-style-checkmark-list\">\n<li class=\"has-medium-font-size\">https:\/\/www.yipinqian.com\/ (h\u1ed3 s\u01a1 c\u00f4ng ty)<\/li>\n\n\n\n<li class=\"has-medium-font-size\">https:\/\/jadeite.yipinqian.com\/ (Th\u00f4ng tin v\u1ec1 Jadeite)<\/li>\n\n\n\n<li class=\"has-medium-font-size\">https:\/\/shop.yipinqian.com\/ (c\u1eeda h\u00e0ng tr\u1ef1c tuy\u1ebfn)<\/li>\n\n\n\n<li class=\"has-medium-font-size\">https:\/\/www.yipinqian.com.sg\/ (c\u1eeda h\u00e0ng tr\u1ef1c tuy\u1ebfn)<\/li>\n\n\n\n<li class=\"has-medium-font-size\">https:\/\/www.jadeshopsingapore.com\/ (T\u1ea1i \u0111\u00e2y)<\/li>\n<\/ul>\n\n\n\n<div class=\"wp-block-buttons is-content-justification-left is-nowrap is-layout-flex wp-container-core-buttons-is-layout-92e17da2 wp-block-buttons-is-layout-flex\">\n<div class=\"wp-block-button is-style-fill\"><a class=\"wp-block-button__link wp-element-button\" href=\"https:\/\/www.jadeshopsingapore.com\/vi\/cua-hang-ngoc-bich-singapore-ve-chung-toi\/\">Gi\u1edbi thi\u1ec7u v\u1ec1 ch\u00fang t\u00f4i<\/a><\/div>\n\n\n\n<div class=\"wp-block-button is-style-outline is-style-outline--2\"><a class=\"wp-block-button__link wp-element-button\" href=\"https:\/\/shop.yipinqian.com\/\" target=\"_blank\" rel=\"noreferrer noopener\">C\u1eeda h\u00e0ng tr\u1ef1c tuy\u1ebfn<\/a><\/div>\n<\/div>\n<\/div>\n\n\n\n<div class=\"wp-block-column is-vertically-aligned-center is-layout-flow wp-block-column-is-layout-flow\">\n<figure class=\"wp-block-image size-full\"><img loading=\"lazy\" decoding=\"async\" width=\"1080\" height=\"1080\" src=\"https:\/\/www.jadeshopsingapore.com\/wp-content\/uploads\/2024\/12\/WhatsApp-Image-2024-05-19-at-13.45.29_38a2d82c.jpg\" alt=\"b\u1ed9 s\u01b0u t\u1eadp video ng\u1ecdc b\u00edch - m\u1eb7t d\u00e2y chuy\u1ec1n guan gone\" class=\"wp-image-879\" srcset=\"https:\/\/www.jadeshopsingapore.com\/wp-content\/uploads\/2024\/12\/WhatsApp-Image-2024-05-19-at-13.45.29_38a2d82c.jpg 1080w, https:\/\/www.jadeshopsingapore.com\/wp-content\/uploads\/2024\/12\/WhatsApp-Image-2024-05-19-at-13.45.29_38a2d82c-300x300.jpg 300w, https:\/\/www.jadeshopsingapore.com\/wp-content\/uploads\/2024\/12\/WhatsApp-Image-2024-05-19-at-13.45.29_38a2d82c-1024x1024.jpg 1024w, https:\/\/www.jadeshopsingapore.com\/wp-content\/uploads\/2024\/12\/WhatsApp-Image-2024-05-19-at-13.45.29_38a2d82c-150x150.jpg 150w, https:\/\/www.jadeshopsingapore.com\/wp-content\/uploads\/2024\/12\/WhatsApp-Image-2024-05-19-at-13.45.29_38a2d82c-768x768.jpg 768w, https:\/\/www.jadeshopsingapore.com\/wp-content\/uploads\/2024\/12\/WhatsApp-Image-2024-05-19-at-13.45.29_38a2d82c-700x700.jpg 700w\" sizes=\"auto, (max-width: 1080px) 100vw, 1080px\" title=\"\"><\/figure>\n<\/div>\n<\/div>\n<\/div>\n\n\n\n<div class=\"wp-block-group alignfull overflow-x: hidden; has-global-padding is-layout-constrained wp-container-core-group-is-layout-54af5b55 wp-block-group-is-layout-constrained\" id=\"images\" style=\"margin-top:0;margin-bottom:0;padding-top:var(--wp--preset--spacing--60);padding-bottom:var(--wp--preset--spacing--60)\">\n<h3 class=\"wp-block-heading alignwide has-text-align-center overflow-x: hidden; has-x-large-font-size\">Ngo\u00e0i video, ch\u00fang t\u00f4i c\u0169ng \u0111\u00e3 thi\u1ebft l\u1eadp nhi\u1ec1u m\u1ee5c d\u00e0nh ri\u00eang cho h\u00ecnh \u1ea3nh trang s\u1ee9c ng\u1ecdc b\u00edch jadeite. Vui l\u00f2ng ch\u1ecdn t\u00f9y ch\u1ecdn mong mu\u1ed1n b\u00ean d\u01b0\u1edbi \u0111\u1ec3 kh\u00e1m ph\u00e1 v\u00e0 xem b\u1ed9 s\u01b0u t\u1eadp. C\u1ea3m \u01a1n b\u1ea1n.<\/h3>\n\n\n\n<div class=\"wp-block-buttons alignwide has-custom-font-size has-medium-font-size is-content-justification-center is-layout-flex wp-container-core-buttons-is-layout-c124d1c4 wp-block-buttons-is-layout-flex\">\n<div class=\"wp-block-button\"><a class=\"wp-block-button__link wp-element-button\">Nh\u1eabn Ng\u1ecdc B\u00edch 18k<\/a><\/div>\n\n\n\n<div class=\"wp-block-button\"><a class=\"wp-block-button__link wp-element-button\" href=\"https:\/\/www.jadeshopsingapore.com\/vi\/bo-suu-tap-mat-day-chuyen-ngoc-bich\/\">M\u1eb7t d\u00e2y chuy\u1ec1n ng\u1ecdc b\u00edch 18k<\/a><\/div>\n\n\n\n<div class=\"wp-block-button\"><a class=\"wp-block-button__link wp-element-button\" href=\"https:\/\/www.jadeshopsingapore.com\/vi\/mat-day-chuyen-ngoc-bich-quy-hiem\/\">M\u1eb7t d\u00e2y chuy\u1ec1n ng\u1ecdc b\u00edch qu\u00fd hi\u1ebfm<\/a><\/div>\n\n\n\n<div class=\"wp-block-button\"><a class=\"wp-block-button__link wp-element-button\" href=\"https:\/\/www.jadeshopsingapore.com\/vi\/nhan-ngoc-bich\/\">Nh\u1eabn Ng\u1ecdc B\u00edch (H\u1ed7n h\u1ee3p)<\/a><\/div>\n\n\n\n<div class=\"wp-block-button\"><a class=\"wp-block-button__link wp-element-button\" href=\"https:\/\/www.jadeshopsingapore.com\/vi\/mat-day-chuyen-ngoc-bich-mix-jadeites-gallery\/\">M\u1eb7t d\u00e2y chuy\u1ec1n ng\u1ecdc b\u00edch (h\u1ed7n h\u1ee3p)<\/a><\/div>\n\n\n\n<div class=\"wp-block-button overflow-x: hidden;\"><a class=\"wp-block-button__link wp-element-button\" href=\"https:\/\/www.jadeshopsingapore.com\/vi\/vong-tay-ngoc-bich\/\">V\u00f2ng tay ng\u1ecdc b\u00edch<\/a><\/div>\n<\/div>\n<\/div>\n\n\n\n<div class=\"wp-block-group alignwide is-layout-flow wp-block-group-is-layout-flow\" style=\"margin-top:var(--wp--preset--spacing--60);margin-bottom:var(--wp--preset--spacing--60)\">\n<nav class=\"wp-block-group alignwide is-content-justification-space-between is-nowrap is-layout-flex wp-container-core-group-is-layout-9b36172e wp-block-group-is-layout-flex\" aria-label=\"B\u00e0i vi\u1ebft \u0111i\u1ec1u h\u01b0\u1edbng\" style=\"border-top-color:var(--wp--preset--color--accent-6);border-top-width:1px;padding-top:var(--wp--preset--spacing--40);padding-bottom:var(--wp--preset--spacing--40)\">\n\n<\/nav>\n<\/div>","protected":false},"excerpt":{"rendered":"<p>JaDE VIDEO GALLERY &#8211; Creating better online shopping experiences Product Videos Gallery We aim to enhance the online shopping experience for customers by introducing product video galleries. Our online shops, such as https:\/\/www.yipinqian.com.sg\/ and https:\/\/shop.yipinqian.com\/, already include product videos, but we believe that creating dedicated video and image galleries will further improve customer satisfaction. With [&hellip;]<\/p>","protected":false},"author":1,"featured_media":0,"parent":0,"menu_order":0,"comment_status":"closed","ping_status":"closed","template":"","meta":{"tpgb_global_settings":"","footnotes":""},"class_list":["post-843","page","type-page","status-publish","hentry"],"tpgb_featured_images":null,"tpgb_post_meta_info":{"get_date":"Th\u00e1ng 12 6, 2024","get_modified_date":"Th\u00e1ng 12 30, 2024","author_name":"admin","author_url":"https:\/\/www.jadeshopsingapore.com\/vi\/author\/admin\/","author_email":"admin@yipinqian.com","author_website":"https:\/\/jadeshopsingapore.com","author_description":"","author_facebook":"","author_twitter":"","author_instagram":"","author_role":["administrator"],"author_firstname":"","author_lastname":"","user_login":"ypqyipinqian","author_avatar":"<img alt=\"Avatar of admin\" src=\"https:\/\/secure.gravatar.com\/avatar\/142d17bd0f83b8ccf653ca8f6b5be76d187da1d7d3a5ad22b339a9f737d1b75c?s=200&#038;d=mm&#038;r=g\" srcset=\"https:\/\/secure.gravatar.com\/avatar\/142d17bd0f83b8ccf653ca8f6b5be76d187da1d7d3a5ad22b339a9f737d1b75c?s=400&#038;d=mm&#038;r=g 2x\" class=\"avatar avatar-200 photo\" height=\"200\" width=\"200\" loading=\"lazy\" decoding=\"async\">","author_avatar_url":"https:\/\/secure.gravatar.com\/avatar\/142d17bd0f83b8ccf653ca8f6b5be76d187da1d7d3a5ad22b339a9f737d1b75c?s=96&d=mm&r=g","comment_count":0,"post_likes":0,"post_views":0},"tpgb_post_category":[],"_links":{"self":[{"href":"https:\/\/www.jadeshopsingapore.com\/vi\/wp-json\/wp\/v2\/pages\/843","targetHints":{"allow":["GET"]}}],"collection":[{"href":"https:\/\/www.jadeshopsingapore.com\/vi\/wp-json\/wp\/v2\/pages"}],"about":[{"href":"https:\/\/www.jadeshopsingapore.com\/vi\/wp-json\/wp\/v2\/types\/page"}],"author":[{"embeddable":true,"href":"https:\/\/www.jadeshopsingapore.com\/vi\/wp-json\/wp\/v2\/users\/1"}],"replies":[{"embeddable":true,"href":"https:\/\/www.jadeshopsingapore.com\/vi\/wp-json\/wp\/v2\/comments?post=843"}],"version-history":[{"count":0,"href":"https:\/\/www.jadeshopsingapore.com\/vi\/wp-json\/wp\/v2\/pages\/843\/revisions"}],"wp:attachment":[{"href":"https:\/\/www.jadeshopsingapore.com\/vi\/wp-json\/wp\/v2\/media?parent=843"}],"curies":[{"name":"wp","href":"https:\/\/api.w.org\/{rel}","templated":true}]}}